{"id":272,"date":"2024-10-17T04:46:06","date_gmt":"2024-10-17T04:46:06","guid":{"rendered":"https:\/\/kubadasaglik.net\/?page_id=272"},"modified":"2024-10-26T18:59:33","modified_gmt":"2024-10-26T18:59:33","slug":"beyin-tumoru-tedavisi","status":"publish","type":"page","link":"https:\/\/kubadasaglik.net\/en\/beyin-tumoru-tedavisi\/","title":{"rendered":"Beyin T\u00fcm\u00f6r\u00fc Tedavisi"},"content":{"rendered":"","protected":false},"excerpt":{"rendered":"","protected":false},"author":3,"featured_media":0,"parent":0,"menu_order":0,"comment_status":"open","ping_status":"closed","template":"","meta":{"om_disable_all_campaigns":false,"_monsterinsights_skip_tracking":false,"_monsterinsights_sitenote_active":false,"_monsterinsights_sitenote_note":"","_monsterinsights_sitenote_category":0,"_uf_show_specific_survey":0,"_uf_disable_surveys":false,"footnotes":""},"class_list":["post-272","page","type-page","status-publish","hentry"],"aioseo_notices":[],"_links":{"self":[{"href":"https:\/\/kubadasaglik.net\/en\/wp-json\/wp\/v2\/pages\/272","targetHints":{"allow":["GET"]}}],"collection":[{"href":"https:\/\/kubadasaglik.net\/en\/wp-json\/wp\/v2\/pages"}],"about":[{"href":"https:\/\/kubadasaglik.net\/en\/wp-json\/wp\/v2\/types\/page"}],"author":[{"embeddable":true,"href":"https:\/\/kubadasaglik.net\/en\/wp-json\/wp\/v2\/users\/3"}],"replies":[{"embeddable":true,"href":"https:\/\/kubadasaglik.net\/en\/wp-json\/wp\/v2\/comments?post=272"}],"version-history":[{"count":2,"href":"https:\/\/kubadasaglik.net\/en\/wp-json\/wp\/v2\/pages\/272\/revisions"}],"predecessor-version":[{"id":364,"href":"https:\/\/kubadasaglik.net\/en\/wp-json\/wp\/v2\/pages\/272\/revisions\/364"}],"wp:attachment":[{"href":"https:\/\/kubadasaglik.net\/en\/wp-json\/wp\/v2\/media?parent=272"}],"curies":[{"name":"wp","href":"https:\/\/api.w.org\/{rel}","templated":true}]}}